{"id":3792,"date":"2024-05-31T18:05:04","date_gmt":"2024-05-31T18:05:04","guid":{"rendered":"https:\/\/swim-montreal.com\/fr\/?page_id=3792"},"modified":"2025-10-09T19:12:25","modified_gmt":"2025-10-09T19:12:25","slug":"portail-parent","status":"publish","type":"page","link":"https:\/\/swim-montreal.com\/fr\/portail-parent\/","title":{"rendered":"Elementor #3792"},"content":{"rendered":"\t\t<div data-elementor-type=\"wp-page\" data-elementor-id=\"3792\" class=\"elementor elementor-3792\">\n\t\t\t\t\t\t<div class=\"elementor-inner\">\n\t\t\t\t<div class=\"elementor-section-wrap\">\n\t\t\t\t\t\t\t\t\t<section class=\"elementor-section elementor-top-section elementor-element elementor-element-be69788 elementor-section-boxed elementor-section-height-default elementor-section-height-default\" data-id=\"be69788\" data-element_type=\"section\">\n\t\t\t\t\t\t<div class=\"elementor-container elementor-column-gap-default\">\n\t\t\t\t\t\t\t<div class=\"elementor-row\">\n\t\t\t\t\t<div class=\"elementor-column elementor-col-100 elementor-top-column elementor-element elementor-element-84ffb11\" data-id=\"84ffb11\" data-element_type=\"column\">\n\t\t\t<div class=\"elementor-column-wrap elementor-element-populated\">\n\t\t\t\t\t\t\t<div class=\"elementor-widget-wrap\">\n\t\t\t\t\t\t<div class=\"elementor-element elementor-element-988030c elementor-widget elementor-widget-text-editor\" data-id=\"988030c\" data-element_type=\"widget\" data-widget_type=\"text-editor.default\">\n\t\t\t\t<div class=\"elementor-widget-container\">\n\t\t\t\t\t\t\t\t<div class=\"elementor-text-editor elementor-clearfix\">\n\t\t\t\t<p style=\"text-align: center;\">Ce ne sera pas du tout d\u00e9routant!<\/p>\n<p style=\"text-align: center;\">Bienvenue sur notre page de portail pour les parents.&nbsp;<\/p>\n<p style=\"text-align: center;\">Utilisez les liens ci-dessous pour acc\u00e9der \u00e0 votre compte parent sur le bon syst\u00e8me.<\/p>\n<p><\/p>\n<h4 style=\"text-align: center;\"><strong><a href=\"https:\/\/client.swim-montreal.com\/swim-login_fr.aspx\">Cliquez ici<\/a> pour acc\u00e9der \u00e0 votre portail parent si vous avez suivi des cours de natation priv\u00e9s \u00e0 l&#8217;un des piscines MIS.<\/strong><\/h4>\n<h4>&nbsp;<\/h4>\n<h4 style=\"text-align: center;\"><strong><a href=\"https:\/\/swim-montreal.uplifterinc.com\/?lang=fre\">Cliquez ici<\/a> pour acc\u00e9der \u00e0 votre portail parent si vous avez particip\u00e9 \u00e0 des programmes de groupe:<\/strong><\/h4>\n<p style=\"text-align: center;\">&#8211; cours parents b\u00e9b\u00e9s \/ tout-petits<\/p>\n<p style=\"text-align: center;\">&#8211; cours en groupes (pour enfants ou adultes)<\/p>\n<p style=\"text-align: center;\">&#8211; cours \u00e0 domicile<\/p>\n<p style=\"text-align: center;\">&#8211; introduction \u00e0 la natation en \u00e9quipe<\/p>\n<p style=\"text-align: center;\">&#8211; \u00e9quipe de natation<\/p><p style=\"text-align: center;\">&#8211; le\u00e7ons en groupe pour adultes<\/p>\n<p style=\"text-align: center;\">&#8211; cours de sauvetage<\/p>\n<p><\/p>\n<h4 style=\"text-align: center;\"><strong>Pourquoi aurais-je besoin d&#8217;acc\u00e9der \u00e0 mon portail?<\/strong><\/h4>\n<p style=\"text-align: center;\">&#8211; Pour voir les d\u00e9tails des classes<\/p>\n<p style=\"text-align: center;\">&#8211; Pour s&#8217;inscrire aux programmes<\/p>\n<p style=\"text-align: center;\">&#8211; Pour les re\u00e7us fiscaux<\/p>\n<p style=\"text-align: center;\">&#8211; Pour voir les bulletins<\/p>\n<p style=\"text-align: center;\">&#8211; Pour vois les cr\u00e9dits<\/p>\t\t\t\t\t<\/div>\n\t\t\t\t\t\t<\/div>\n\t\t\t\t<\/div>\n\t\t\t\t\t\t<\/div>\n\t\t\t\t\t<\/div>\n\t\t<\/div>\n\t\t\t\t\t\t\t\t<\/div>\n\t\t\t\t\t<\/div>\n\t\t<\/section>\n\t\t\t\t\t\t\t\t\t<\/div>\n\t\t\t<\/div>\n\t\t\t\t\t<\/div>\n\t\t","protected":false},"excerpt":{"rendered":"<p>Ce ne sera pas du tout d\u00e9routant! Bienvenue sur notre page de portail pour les parents.&nbsp; Utilisez les liens ci-dessous pour acc\u00e9der \u00e0 votre compte parent sur le bon syst\u00e8me. Cliquez ici pour acc\u00e9der \u00e0 votre portail parent si vous avez suivi des cours de natation priv\u00e9s \u00e0 l&#8217;un des piscines MIS. &nbsp; Cliquez ici [&hellip;]<\/p>\n","protected":false},"author":2,"featured_media":0,"parent":0,"menu_order":0,"comment_status":"closed","ping_status":"closed","template":"","meta":{"content-type":""},"_links":{"self":[{"href":"https:\/\/swim-montreal.com\/fr\/wp-json\/wp\/v2\/pages\/3792"}],"collection":[{"href":"https:\/\/swim-montreal.com\/fr\/wp-json\/wp\/v2\/pages"}],"about":[{"href":"https:\/\/swim-montreal.com\/fr\/wp-json\/wp\/v2\/types\/page"}],"author":[{"embeddable":true,"href":"https:\/\/swim-montreal.com\/fr\/wp-json\/wp\/v2\/users\/2"}],"replies":[{"embeddable":true,"href":"https:\/\/swim-montreal.com\/fr\/wp-json\/wp\/v2\/comments?post=3792"}],"version-history":[{"count":19,"href":"https:\/\/swim-montreal.com\/fr\/wp-json\/wp\/v2\/pages\/3792\/revisions"}],"predecessor-version":[{"id":5805,"href":"https:\/\/swim-montreal.com\/fr\/wp-json\/wp\/v2\/pages\/3792\/revisions\/5805"}],"wp:attachment":[{"href":"https:\/\/swim-montreal.com\/fr\/wp-json\/wp\/v2\/media?parent=3792"}],"curies":[{"name":"wp","href":"https:\/\/api.w.org\/{rel}","templated":true}]}}