{"id":3420,"date":"2024-04-29T13:37:32","date_gmt":"2024-04-29T13:37:32","guid":{"rendered":"https:\/\/swim-montreal.com\/fr\/?page_id=3420"},"modified":"2024-05-30T00:45:16","modified_gmt":"2024-05-30T00:45:16","slug":"cours-de-natation-en-groupes","status":"publish","type":"page","link":"https:\/\/swim-montreal.com\/fr\/cours-de-natation-en-groupes\/","title":{"rendered":"Page Intermediaire- Groups"},"content":{"rendered":"\t\t<div data-elementor-type=\"wp-page\" data-elementor-id=\"3420\" class=\"elementor elementor-3420\">\n\t\t\t\t\t\t<div class=\"elementor-inner\">\n\t\t\t\t<div class=\"elementor-section-wrap\">\n\t\t\t\t\t\t\t\t\t<section class=\"elementor-section elementor-top-section elementor-element elementor-element-5d3f27f elementor-section-boxed elementor-section-height-default elementor-section-height-default\" data-id=\"5d3f27f\" data-element_type=\"section\">\n\t\t\t\t\t\t<div class=\"elementor-container elementor-column-gap-default\">\n\t\t\t\t\t\t\t<div class=\"elementor-row\">\n\t\t\t\t\t<div class=\"elementor-column elementor-col-100 elementor-top-column elementor-element elementor-element-e162dac\" data-id=\"e162dac\" data-element_type=\"column\">\n\t\t\t<div class=\"elementor-column-wrap elementor-element-populated\">\n\t\t\t\t\t\t\t<div class=\"elementor-widget-wrap\">\n\t\t\t\t\t\t<div class=\"elementor-element elementor-element-2b02549 elementor-widget elementor-widget-image\" data-id=\"2b02549\" data-element_type=\"widget\" data-widget_type=\"image.default\">\n\t\t\t\t<div class=\"elementor-widget-container\">\n\t\t\t\t\t\t\t\t<div class=\"elementor-image\">\n\t\t\t\t\t\t\t\t\t\t\t\t<img decoding=\"async\" width=\"500\" height=\"500\" src=\"https:\/\/swim-montreal.com\/fr\/wp-content\/uploads\/sites\/2\/2022\/08\/GLV2.png\" class=\"attachment-large size-large\" alt=\"\" loading=\"lazy\" srcset=\"https:\/\/swim-montreal.com\/fr\/wp-content\/uploads\/sites\/2\/2022\/08\/GLV2.png 500w, https:\/\/swim-montreal.com\/fr\/wp-content\/uploads\/sites\/2\/2022\/08\/GLV2-300x300.png 300w, https:\/\/swim-montreal.com\/fr\/wp-content\/uploads\/sites\/2\/2022\/08\/GLV2-150x150.png 150w\" sizes=\"(max-width: 500px) 100vw, 500px\" \/>\t\t\t\t\t\t\t\t\t\t\t\t\t\t<\/div>\n\t\t\t\t\t\t<\/div>\n\t\t\t\t<\/div>\n\t\t\t\t<div class=\"elementor-element elementor-element-e99a0cd elementor-widget elementor-widget-text-editor\" data-id=\"e99a0cd\" data-element_type=\"widget\" data-widget_type=\"text-editor.default\">\n\t\t\t\t<div class=\"elementor-widget-container\">\n\t\t\t\t\t\t\t\t<div class=\"elementor-text-editor elementor-clearfix\">\n\t\t\t\t<h3 style=\"text-align: center;\">\u00c0 partir de $19,97 + taxes par le\u00e7on (30 minutes)<\/h3>\t\t\t\t\t<\/div>\n\t\t\t\t\t\t<\/div>\n\t\t\t\t<\/div>\n\t\t\t\t\t\t<\/div>\n\t\t\t\t\t<\/div>\n\t\t<\/div>\n\t\t\t\t\t\t\t\t<\/div>\n\t\t\t\t\t<\/div>\n\t\t<\/section>\n\t\t\t\t<section class=\"elementor-section elementor-top-section elementor-element elementor-element-8c29f58 elementor-section-boxed elementor-section-height-default elementor-section-height-default\" data-id=\"8c29f58\" data-element_type=\"section\">\n\t\t\t\t\t\t<div class=\"elementor-container elementor-column-gap-default\">\n\t\t\t\t\t\t\t<div class=\"elementor-row\">\n\t\t\t\t\t<div class=\"elementor-column elementor-col-100 elementor-top-column elementor-element elementor-element-0fb0e94\" data-id=\"0fb0e94\" data-element_type=\"column\">\n\t\t\t<div class=\"elementor-column-wrap elementor-element-populated\">\n\t\t\t\t\t\t\t<div class=\"elementor-widget-wrap\">\n\t\t\t\t\t\t<div class=\"elementor-element elementor-element-0ff603c elementor-widget elementor-widget-heading\" data-id=\"0ff603c\" data-element_type=\"widget\" data-widget_type=\"heading.default\">\n\t\t\t\t<div class=\"elementor-widget-container\">\n\t\t\t<h2 class=\"elementor-heading-title elementor-size-default\">Cours de natation semi-priv\u00e9s (en petits groupes)<\/h2>\t\t<\/div>\n\t\t\t\t<\/div>\n\t\t\t\t\t\t<\/div>\n\t\t\t\t\t<\/div>\n\t\t<\/div>\n\t\t\t\t\t\t\t\t<\/div>\n\t\t\t\t\t<\/div>\n\t\t<\/section>\n\t\t\t\t<section class=\"elementor-section elementor-top-section elementor-element elementor-element-34cb108 elementor-section-boxed elementor-section-height-default elementor-section-height-default\" data-id=\"34cb108\" data-element_type=\"section\">\n\t\t\t\t\t\t<div class=\"elementor-container elementor-column-gap-default\">\n\t\t\t\t\t\t\t<div class=\"elementor-row\">\n\t\t\t\t\t<div class=\"elementor-column elementor-col-100 elementor-top-column elementor-element elementor-element-6218df5\" data-id=\"6218df5\" data-element_type=\"column\">\n\t\t\t<div class=\"elementor-column-wrap elementor-element-populated\">\n\t\t\t\t\t\t\t<div class=\"elementor-widget-wrap\">\n\t\t\t\t\t\t<section class=\"elementor-section elementor-inner-section elementor-element elementor-element-02e97b2 elementor-section-boxed elementor-section-height-default elementor-section-height-default\" data-id=\"02e97b2\" data-element_type=\"section\">\n\t\t\t\t\t\t<div class=\"elementor-container elementor-column-gap-default\">\n\t\t\t\t\t\t\t<div class=\"elementor-row\">\n\t\t\t\t\t<div class=\"elementor-column elementor-col-50 elementor-inner-column elementor-element elementor-element-3a662a0\" data-id=\"3a662a0\" data-element_type=\"column\">\n\t\t\t<div class=\"elementor-column-wrap elementor-element-populated\">\n\t\t\t\t\t\t\t<div class=\"elementor-widget-wrap\">\n\t\t\t\t\t\t<div class=\"elementor-element elementor-element-e948b1d elementor-widget elementor-widget-text-editor\" data-id=\"e948b1d\" data-element_type=\"widget\" data-widget_type=\"text-editor.default\">\n\t\t\t\t<div class=\"elementor-widget-container\">\n\t\t\t\t\t\t\t\t<div class=\"elementor-text-editor elementor-clearfix\">\n\t\t\t\t<p style=\"text-align: center;\"><strong>Planifier en toute confiance<\/strong><\/p><p dir=\"ltr\" style=\"text-align: center;\">Dites bonjour \u00e0 votre heure de baignade id\u00e9ale. Nous comprenons que les parents veulent avoir confiance lorsqu&#8217;ils planifient les activit\u00e9s de leur famille.\u00a0<\/p><p dir=\"ltr\" style=\"text-align: center;\">C&#8217;est pourquoi nous proposons plus de blocs horaires pour les diff\u00e9rents cours de natation en groupe.\u00a0<\/p>\t\t\t\t\t<\/div>\n\t\t\t\t\t\t<\/div>\n\t\t\t\t<\/div>\n\t\t\t\t\t\t<\/div>\n\t\t\t\t\t<\/div>\n\t\t<\/div>\n\t\t\t\t<div class=\"elementor-column elementor-col-50 elementor-inner-column elementor-element elementor-element-44da8d8\" data-id=\"44da8d8\" data-element_type=\"column\">\n\t\t\t<div class=\"elementor-column-wrap elementor-element-populated\">\n\t\t\t\t\t\t\t<div class=\"elementor-widget-wrap\">\n\t\t\t\t\t\t<div class=\"elementor-element elementor-element-01d45d2 elementor-widget elementor-widget-text-editor\" data-id=\"01d45d2\" data-element_type=\"widget\" data-widget_type=\"text-editor.default\">\n\t\t\t\t<div class=\"elementor-widget-container\">\n\t\t\t\t\t\t\t\t<div class=\"elementor-text-editor elementor-clearfix\">\n\t\t\t\t<p style=\"text-align: center;\"><strong>S\u00e9lection facile<\/strong><\/p><p dir=\"ltr\" style=\"text-align: center;\">Vous n&#8217;\u00eates peut-\u00eatre pas un expert en natation, mais MIS vous aidera \u00e0 vous sentir comme un pro lors de votre inscription.\u00a0<\/p><p dir=\"ltr\" style=\"text-align: center;\">Avec plus de 15 ans d&#8217;exp\u00e9rience, notre \u00e9quipe a d\u00e9velopp\u00e9 une m\u00e9thode d&#8217;inscription des nageurs qui \u00e9limine les incertitudes du processus. Facile, simple et sans effort.<\/p>\t\t\t\t\t<\/div>\n\t\t\t\t\t\t<\/div>\n\t\t\t\t<\/div>\n\t\t\t\t\t\t<\/div>\n\t\t\t\t\t<\/div>\n\t\t<\/div>\n\t\t\t\t\t\t\t\t<\/div>\n\t\t\t\t\t<\/div>\n\t\t<\/section>\n\t\t\t\t<div class=\"elementor-element elementor-element-1231930 elementor-widget elementor-widget-text-editor\" data-id=\"1231930\" data-element_type=\"widget\" data-widget_type=\"text-editor.default\">\n\t\t\t\t<div class=\"elementor-widget-container\">\n\t\t\t\t\t\t\t\t<div class=\"elementor-text-editor elementor-clearfix\">\n\t\t\t\t<h1 style=\"text-align: center;\"><strong>Ratios de groupes intelligents<\/strong><\/h1>\t\t\t\t\t<\/div>\n\t\t\t\t\t\t<\/div>\n\t\t\t\t<\/div>\n\t\t\t\t<div class=\"elementor-element elementor-element-5c6bb98 elementor-widget elementor-widget-text-editor\" data-id=\"5c6bb98\" data-element_type=\"widget\" data-widget_type=\"text-editor.default\">\n\t\t\t\t<div class=\"elementor-widget-container\">\n\t\t\t\t\t\t\t\t<div class=\"elementor-text-editor elementor-clearfix\">\n\t\t\t\t<p dir=\"ltr\" style=\"text-align: center;\">Gr\u00e2ce \u00e0 nos vastes connaissances p\u00e9dagogiques, notre \u00e9quipe a d\u00e9termin\u00e9 les ratios optimaux de nageurs pour chaque groupe en fonction de l&#8217;\u00e2ge et du niveau de comp\u00e9tence.\u00a0<\/p><p dir=\"ltr\" style=\"text-align: center;\">Ces ratios favorisent la confiance et l&#8217;ind\u00e9pendance de tous les nageurs, assurant ainsi une progression rapide.<\/p><p dir=\"ltr\" style=\"text-align: center;\">\u00a0<\/p><p dir=\"ltr\" style=\"text-align: center;\"><strong>Voici les nouveaux ratios de nageurs :<\/strong><\/p><p dir=\"ltr\" style=\"text-align: center;\" role=\"presentation\">Age 3-4 &gt; Max 2 nageurs<\/p><p dir=\"ltr\" style=\"text-align: center;\" role=\"presentation\">Age 5 &gt; Max 3 nageurs<\/p><p dir=\"ltr\" style=\"text-align: center;\" role=\"presentation\">6-9 ans D\u00e9butant &gt; Max 3 nageurs<\/p><p dir=\"ltr\" style=\"text-align: center;\" role=\"presentation\">6-9 ans Interm\u00e9diaire &gt; Max 3 nageurs<\/p><p dir=\"ltr\" style=\"text-align: center;\" role=\"presentation\">6-9 ans Avanc\u00e9 &gt; Max 4 nageurs<\/p>\t\t\t\t\t<\/div>\n\t\t\t\t\t\t<\/div>\n\t\t\t\t<\/div>\n\t\t\t\t\t\t<\/div>\n\t\t\t\t\t<\/div>\n\t\t<\/div>\n\t\t\t\t\t\t\t\t<\/div>\n\t\t\t\t\t<\/div>\n\t\t<\/section>\n\t\t\t\t<section class=\"elementor-section elementor-top-section elementor-element elementor-element-8ec51b0 elementor-section-boxed elementor-section-height-default elementor-section-height-default\" data-id=\"8ec51b0\" data-element_type=\"section\">\n\t\t\t\t\t\t<div class=\"elementor-container elementor-column-gap-default\">\n\t\t\t\t\t\t\t<div class=\"elementor-row\">\n\t\t\t\t\t<div class=\"elementor-column elementor-col-100 elementor-top-column elementor-element elementor-element-7588766\" data-id=\"7588766\" data-element_type=\"column\">\n\t\t\t<div class=\"elementor-column-wrap elementor-element-populated\">\n\t\t\t\t\t\t\t<div class=\"elementor-widget-wrap\">\n\t\t\t\t\t\t<div class=\"elementor-element elementor-element-f15e941 elementor-widget elementor-widget-text-editor\" data-id=\"f15e941\" data-element_type=\"widget\" data-widget_type=\"text-editor.default\">\n\t\t\t\t<div class=\"elementor-widget-container\">\n\t\t\t\t\t\t\t\t<div class=\"elementor-text-editor elementor-clearfix\">\n\t\t\t\t<h1 style=\"text-align: center;\"><strong>Nageurs \u00e2g\u00e9s de 3 \u00e0 5 ans<\/strong><\/h1>\t\t\t\t\t<\/div>\n\t\t\t\t\t\t<\/div>\n\t\t\t\t<\/div>\n\t\t\t\t<section class=\"elementor-section elementor-inner-section elementor-element elementor-element-090ea71 elementor-section-boxed elementor-section-height-default elementor-section-height-default\" data-id=\"090ea71\" data-element_type=\"section\">\n\t\t\t\t\t\t<div class=\"elementor-container elementor-column-gap-default\">\n\t\t\t\t\t\t\t<div class=\"elementor-row\">\n\t\t\t\t\t<div class=\"elementor-column elementor-col-100 elementor-inner-column elementor-element elementor-element-5f6a114\" data-id=\"5f6a114\" data-element_type=\"column\">\n\t\t\t<div class=\"elementor-column-wrap elementor-element-populated\">\n\t\t\t\t\t\t\t<div class=\"elementor-widget-wrap\">\n\t\t\t\t\t\t<div class=\"elementor-element elementor-element-584e9a1 elementor-widget elementor-widget-text-editor\" data-id=\"584e9a1\" data-element_type=\"widget\" data-widget_type=\"text-editor.default\">\n\t\t\t\t<div class=\"elementor-widget-container\">\n\t\t\t\t\t\t\t\t<div class=\"elementor-text-editor elementor-clearfix\">\n\t\t\t\t<p style=\"text-align: center;\"><span style=\"color: #000000; font-family: arial; font-size: 18.6667px; text-align: center;\"><u>3 ans<\/u><\/span><\/p><p dir=\"ltr\" style=\"text-align: center;\"><strong>Ratios de groupes intelligents:\u00a0<\/strong>Max 2 nageurs \/ groupe<\/p>\t\t\t\t\t<\/div>\n\t\t\t\t\t\t<\/div>\n\t\t\t\t<\/div>\n\t\t\t\t<div class=\"elementor-element elementor-element-80f4370 elementor-widget elementor-widget-text-editor\" data-id=\"80f4370\" data-element_type=\"widget\" data-widget_type=\"text-editor.default\">\n\t\t\t\t<div class=\"elementor-widget-container\">\n\t\t\t\t\t\t\t\t<div class=\"elementor-text-editor elementor-clearfix\">\n\t\t\t\t<p style=\"text-align: center;\"><span style=\"color: #000000; font-family: arial; font-size: 18.6667px; text-align: center;\"><u>4 ans<\/u><\/span><\/p><p dir=\"ltr\" style=\"text-align: center;\"><strong>Ratios de groupes intelligents:\u00a0<\/strong>Max 2 nageurs \/ groupe<\/p>\t\t\t\t\t<\/div>\n\t\t\t\t\t\t<\/div>\n\t\t\t\t<\/div>\n\t\t\t\t<div class=\"elementor-element elementor-element-90e4a49 elementor-widget elementor-widget-text-editor\" data-id=\"90e4a49\" data-element_type=\"widget\" data-widget_type=\"text-editor.default\">\n\t\t\t\t<div class=\"elementor-widget-container\">\n\t\t\t\t\t\t\t\t<div class=\"elementor-text-editor elementor-clearfix\">\n\t\t\t\t<p style=\"text-align: center;\"><span style=\"color: #000000; font-family: arial; font-size: 18.6667px; text-align: center;\"><u>5 ans<\/u><\/span><\/p><p dir=\"ltr\" style=\"text-align: center;\"><strong>Ratios de groupes intelligents:\u00a0<\/strong>Max 3 nageurs \/ groupe<\/p>\t\t\t\t\t<\/div>\n\t\t\t\t\t\t<\/div>\n\t\t\t\t<\/div>\n\t\t\t\t\t\t<\/div>\n\t\t\t\t\t<\/div>\n\t\t<\/div>\n\t\t\t\t\t\t\t\t<\/div>\n\t\t\t\t\t<\/div>\n\t\t<\/section>\n\t\t\t\t\t\t<\/div>\n\t\t\t\t\t<\/div>\n\t\t<\/div>\n\t\t\t\t\t\t\t\t<\/div>\n\t\t\t\t\t<\/div>\n\t\t<\/section>\n\t\t\t\t<section class=\"elementor-section elementor-top-section elementor-element elementor-element-0f9acf4 elementor-section-boxed elementor-section-height-default elementor-section-height-default\" data-id=\"0f9acf4\" data-element_type=\"section\">\n\t\t\t\t\t\t<div class=\"elementor-container elementor-column-gap-default\">\n\t\t\t\t\t\t\t<div class=\"elementor-row\">\n\t\t\t\t\t<div class=\"elementor-column elementor-col-100 elementor-top-column elementor-element elementor-element-14d1f0b\" data-id=\"14d1f0b\" data-element_type=\"column\">\n\t\t\t<div class=\"elementor-column-wrap elementor-element-populated\">\n\t\t\t\t\t\t\t<div class=\"elementor-widget-wrap\">\n\t\t\t\t\t\t<div class=\"elementor-element elementor-element-babc71b elementor-align-center elementor-widget elementor-widget-button\" data-id=\"babc71b\" data-element_type=\"widget\" data-widget_type=\"button.default\">\n\t\t\t\t<div class=\"elementor-widget-container\">\n\t\t\t\t\t<div class=\"elementor-button-wrapper\">\n\t\t\t<a href=\"https:\/\/parent.firstclasssoftware.io\/InstitutdeNatation\/booking\" class=\"elementor-button-link elementor-button elementor-size-lg\" role=\"button\">\n\t\t\t\t\t\t<span class=\"elementor-button-content-wrapper\">\n\t\t\t\t\t\t<span class=\"elementor-button-text\">S'inscrire ici<\/span>\n\t\t<\/span>\n\t\t\t\t\t<\/a>\n\t\t<\/div>\n\t\t\t\t<\/div>\n\t\t\t\t<\/div>\n\t\t\t\t<div class=\"elementor-element elementor-element-466ec4a elementor-widget elementor-widget-text-editor\" data-id=\"466ec4a\" data-element_type=\"widget\" data-widget_type=\"text-editor.default\">\n\t\t\t\t<div class=\"elementor-widget-container\">\n\t\t\t\t\t\t\t\t<div class=\"elementor-text-editor elementor-clearfix\">\n\t\t\t\t<h1 style=\"text-align: center;\"><strong>Nageurs \u00e2g\u00e9s de 6 \u00e0 9 ans<\/strong><\/h1>\t\t\t\t\t<\/div>\n\t\t\t\t\t\t<\/div>\n\t\t\t\t<\/div>\n\t\t\t\t<section class=\"elementor-section elementor-inner-section elementor-element elementor-element-caefaa7 elementor-section-boxed elementor-section-height-default elementor-section-height-default\" data-id=\"caefaa7\" data-element_type=\"section\">\n\t\t\t\t\t\t<div class=\"elementor-container elementor-column-gap-default\">\n\t\t\t\t\t\t\t<div class=\"elementor-row\">\n\t\t\t\t\t<div class=\"elementor-column elementor-col-100 elementor-inner-column elementor-element elementor-element-2c68677\" data-id=\"2c68677\" data-element_type=\"column\">\n\t\t\t<div class=\"elementor-column-wrap elementor-element-populated\">\n\t\t\t\t\t\t\t<div class=\"elementor-widget-wrap\">\n\t\t\t\t\t\t<div class=\"elementor-element elementor-element-db20f87 elementor-widget elementor-widget-text-editor\" data-id=\"db20f87\" data-element_type=\"widget\" data-widget_type=\"text-editor.default\">\n\t\t\t\t<div class=\"elementor-widget-container\">\n\t\t\t\t\t\t\t\t<div class=\"elementor-text-editor elementor-clearfix\">\n\t\t\t\t<p dir=\"ltr\" style=\"text-align: center;\"><span style=\"text-decoration: underline;\">6-9 ans d\u00e9butant<\/span><\/p><p dir=\"ltr\" style=\"text-align: center;\"><strong>Ratios de groupes intelligents:\u00a0<\/strong>Max 3 nageurs \/ groupe<\/p><p dir=\"ltr\" style=\"text-align: center;\"><strong>Niveau: <\/strong>Pour les nageurs qui ne peuvent pas nager seuls.<\/p>\t\t\t\t\t<\/div>\n\t\t\t\t\t\t<\/div>\n\t\t\t\t<\/div>\n\t\t\t\t<div class=\"elementor-element elementor-element-636541b elementor-widget elementor-widget-text-editor\" data-id=\"636541b\" data-element_type=\"widget\" data-widget_type=\"text-editor.default\">\n\t\t\t\t<div class=\"elementor-widget-container\">\n\t\t\t\t\t\t\t\t<div class=\"elementor-text-editor elementor-clearfix\">\n\t\t\t\t<p dir=\"ltr\" style=\"text-align: center;\"><span style=\"text-decoration: underline;\">6-9 ans interm\u00e9diaire<\/span><\/p><p dir=\"ltr\" style=\"text-align: center;\"><strong>Ratios de groupes intelligents:\u00a0<\/strong>Max 3 nageurs \/ groupe<\/p><p dir=\"ltr\" style=\"text-align: center;\"><strong>Niveau requis:<\/strong><\/p><p dir=\"ltr\" style=\"text-align: center;\" role=\"presentation\">Peut nager sans assistance au moins une longueur de piscine sur le dos et sur le ventre.<\/p><p dir=\"ltr\" style=\"text-align: center;\" role=\"presentation\">Compr\u00e9hension de base des mouvements de crawl sur le ventre et sur le dos.<\/p>\t\t\t\t\t<\/div>\n\t\t\t\t\t\t<\/div>\n\t\t\t\t<\/div>\n\t\t\t\t<div class=\"elementor-element elementor-element-6d60fef elementor-widget elementor-widget-text-editor\" data-id=\"6d60fef\" data-element_type=\"widget\" data-widget_type=\"text-editor.default\">\n\t\t\t\t<div class=\"elementor-widget-container\">\n\t\t\t\t\t\t\t\t<div class=\"elementor-text-editor elementor-clearfix\">\n\t\t\t\t<p dir=\"ltr\" style=\"text-align: center;\"><span style=\"text-decoration: underline;\">6-9 ans avanc\u00e9<\/span><\/p><p dir=\"ltr\" style=\"text-align: center;\"><strong>Ratios de groupes intelligents:\u00a0<\/strong>Max 4 nageurs \/ groupe<\/p><p dir=\"ltr\" style=\"text-align: center;\"><strong>Niveau requis:<\/strong><\/p><p dir=\"ltr\" style=\"text-align: center;\" role=\"presentation\">Peut nager au moins 4 longueurs de piscine sans aide.<\/p><p dir=\"ltr\" style=\"text-align: center;\" role=\"presentation\">Peut nager le crawl sur le ventre, le crawl sur le dos, la brasse et la nage papillon de base.<\/p><p dir=\"ltr\" style=\"text-align: center;\" role=\"presentation\">Faire du surplace, la t\u00eate sortie de l\u2019eau, pour un minimum de 2 minutes.<\/p>\t\t\t\t\t<\/div>\n\t\t\t\t\t\t<\/div>\n\t\t\t\t<\/div>\n\t\t\t\t\t\t<\/div>\n\t\t\t\t\t<\/div>\n\t\t<\/div>\n\t\t\t\t\t\t\t\t<\/div>\n\t\t\t\t\t<\/div>\n\t\t<\/section>\n\t\t\t\t\t\t<\/div>\n\t\t\t\t\t<\/div>\n\t\t<\/div>\n\t\t\t\t\t\t\t\t<\/div>\n\t\t\t\t\t<\/div>\n\t\t<\/section>\n\t\t\t\t<section class=\"elementor-section elementor-top-section elementor-element elementor-element-98ac1d7 elementor-section-boxed elementor-section-height-default elementor-section-height-default\" data-id=\"98ac1d7\" data-element_type=\"section\">\n\t\t\t\t\t\t<div class=\"elementor-container elementor-column-gap-default\">\n\t\t\t\t\t\t\t<div class=\"elementor-row\">\n\t\t\t\t\t<div class=\"elementor-column elementor-col-100 elementor-top-column elementor-element elementor-element-60dd70d\" data-id=\"60dd70d\" data-element_type=\"column\">\n\t\t\t<div class=\"elementor-column-wrap elementor-element-populated\">\n\t\t\t\t\t\t\t<div class=\"elementor-widget-wrap\">\n\t\t\t\t\t\t<div class=\"elementor-element elementor-element-32a7541 elementor-align-center elementor-widget elementor-widget-button\" data-id=\"32a7541\" data-element_type=\"widget\" data-widget_type=\"button.default\">\n\t\t\t\t<div class=\"elementor-widget-container\">\n\t\t\t\t\t<div class=\"elementor-button-wrapper\">\n\t\t\t<a href=\"https:\/\/parent.firstclasssoftware.io\/InstitutdeNatation\/booking\" class=\"elementor-button-link elementor-button elementor-size-lg\" role=\"button\">\n\t\t\t\t\t\t<span class=\"elementor-button-content-wrapper\">\n\t\t\t\t\t\t<span class=\"elementor-button-text\">S'inscrire ici<\/span>\n\t\t<\/span>\n\t\t\t\t\t<\/a>\n\t\t<\/div>\n\t\t\t\t<\/div>\n\t\t\t\t<\/div>\n\t\t\t\t\t\t<\/div>\n\t\t\t\t\t<\/div>\n\t\t<\/div>\n\t\t\t\t\t\t\t\t<\/div>\n\t\t\t\t\t<\/div>\n\t\t<\/section>\n\t\t\t\t<section class=\"elementor-section elementor-top-section elementor-element elementor-element-e398134 elementor-section-boxed elementor-section-height-default elementor-section-height-default\" data-id=\"e398134\" data-element_type=\"section\">\n\t\t\t\t\t\t<div class=\"elementor-container elementor-column-gap-default\">\n\t\t\t\t\t\t\t<div class=\"elementor-row\">\n\t\t\t\t\t<div class=\"elementor-column elementor-col-100 elementor-top-column elementor-element elementor-element-6e180a5\" data-id=\"6e180a5\" data-element_type=\"column\">\n\t\t\t<div class=\"elementor-column-wrap elementor-element-populated\">\n\t\t\t\t\t\t\t<div class=\"elementor-widget-wrap\">\n\t\t\t\t\t\t<div class=\"elementor-element elementor-element-0af1449 elementor-widget elementor-widget-image\" data-id=\"0af1449\" data-element_type=\"widget\" data-widget_type=\"image.default\">\n\t\t\t\t<div class=\"elementor-widget-container\">\n\t\t\t\t\t\t\t\t<div class=\"elementor-image\">\n\t\t\t\t\t\t\t\t\t\t\t\t<img decoding=\"async\" width=\"768\" height=\"512\" src=\"https:\/\/swim-montreal.com\/fr\/wp-content\/uploads\/sites\/2\/2023\/08\/2017-09-27_SWIM_0415-NEW-768x512.jpg\" class=\"attachment-medium_large size-medium_large\" alt=\"\" loading=\"lazy\" srcset=\"https:\/\/swim-montreal.com\/fr\/wp-content\/uploads\/sites\/2\/2023\/08\/2017-09-27_SWIM_0415-NEW-768x512.jpg 768w, https:\/\/swim-montreal.com\/fr\/wp-content\/uploads\/sites\/2\/2023\/08\/2017-09-27_SWIM_0415-NEW-300x200.jpg 300w, https:\/\/swim-montreal.com\/fr\/wp-content\/uploads\/sites\/2\/2023\/08\/2017-09-27_SWIM_0415-NEW-1024x683.jpg 1024w, https:\/\/swim-montreal.com\/fr\/wp-content\/uploads\/sites\/2\/2023\/08\/2017-09-27_SWIM_0415-NEW-391x260.jpg 391w, https:\/\/swim-montreal.com\/fr\/wp-content\/uploads\/sites\/2\/2023\/08\/2017-09-27_SWIM_0415-NEW-1536x1024.jpg 1536w, https:\/\/swim-montreal.com\/fr\/wp-content\/uploads\/sites\/2\/2023\/08\/2017-09-27_SWIM_0415-NEW-2048x1365.jpg 2048w\" sizes=\"(max-width: 768px) 100vw, 768px\" \/>\t\t\t\t\t\t\t\t\t\t\t\t\t\t<\/div>\n\t\t\t\t\t\t<\/div>\n\t\t\t\t<\/div>\n\t\t\t\t\t\t<\/div>\n\t\t\t\t\t<\/div>\n\t\t<\/div>\n\t\t\t\t\t\t\t\t<\/div>\n\t\t\t\t\t<\/div>\n\t\t<\/section>\n\t\t\t\t\t\t\t\t\t<\/div>\n\t\t\t<\/div>\n\t\t\t\t\t<\/div>\n\t\t","protected":false},"excerpt":{"rendered":"<p>\u00c0 partir de $19,97 + taxes par le\u00e7on (30 minutes) Cours de natation semi-priv\u00e9s (en petits groupes) Planifier en toute confiance Dites bonjour \u00e0 votre heure de baignade id\u00e9ale. Nous comprenons que les parents veulent avoir confiance lorsqu&#8217;ils planifient les activit\u00e9s de leur famille. C&#8217;est pourquoi nous proposons plus de blocs horaires pour les diff\u00e9rents [&hellip;]<\/p>\n","protected":false},"author":2,"featured_media":0,"parent":0,"menu_order":0,"comment_status":"closed","ping_status":"closed","template":"","meta":{"content-type":""},"_links":{"self":[{"href":"https:\/\/swim-montreal.com\/fr\/wp-json\/wp\/v2\/pages\/3420"}],"collection":[{"href":"https:\/\/swim-montreal.com\/fr\/wp-json\/wp\/v2\/pages"}],"about":[{"href":"https:\/\/swim-montreal.com\/fr\/wp-json\/wp\/v2\/types\/page"}],"author":[{"embeddable":true,"href":"https:\/\/swim-montreal.com\/fr\/wp-json\/wp\/v2\/users\/2"}],"replies":[{"embeddable":true,"href":"https:\/\/swim-montreal.com\/fr\/wp-json\/wp\/v2\/comments?post=3420"}],"version-history":[{"count":29,"href":"https:\/\/swim-montreal.com\/fr\/wp-json\/wp\/v2\/pages\/3420\/revisions"}],"predecessor-version":[{"id":3760,"href":"https:\/\/swim-montreal.com\/fr\/wp-json\/wp\/v2\/pages\/3420\/revisions\/3760"}],"wp:attachment":[{"href":"https:\/\/swim-montreal.com\/fr\/wp-json\/wp\/v2\/media?parent=3420"}],"curies":[{"name":"wp","href":"https:\/\/api.w.org\/{rel}","templated":true}]}}