{"id":3309,"date":"2024-04-25T17:11:28","date_gmt":"2024-04-25T17:11:28","guid":{"rendered":"https:\/\/swim-montreal.com\/fr\/?page_id=3309"},"modified":"2026-03-11T17:47:38","modified_gmt":"2026-03-11T17:47:38","slug":"n_registration","status":"publish","type":"page","link":"https:\/\/swim-montreal.com\/fr\/n_registration\/","title":{"rendered":"Home"},"content":{"rendered":"<p><a href=\"https:\/\/appus.sportimea.com\/fr-ca\/portal\/swim-montreal?location=home\">Printemps 2026Les inscriptions pour la session du printemps 2026 sont ouvertes !Inscrivez-vous maintenant<\/a><a href=\"https:\/\/swim-montreal.com\/fr\/jobs\/\">Nous embauchons!Devenez moniteur de natation avec la meilleure \u00e9cole de natation de Montr\u00e9al. Flexible, bien r\u00e9mun\u00e9r\u00e9, gratifiant.En savoir plus<\/a><br \/>\n\t\t\t\t\t\t\t\t\t\t\t\t\t\tPrevious<br \/>\n\t\t\t\t\t\t\t\t\t\t\t\t\t\tNext<\/p>\n<h2>Le voyage du MISway<\/h2>\n<p>L&#8217;approche de la signature #<strong>Lafa\u00e7onduMIS<\/strong> #<strong>MISway<\/strong> m\u00e8ne \u00e0 l&#8217;enseignement et au d\u00e9veloppement de la confiance, de l&#8217;ind\u00e9pendance et des habitudes saines. Ces trois piliers s&#8217;appliquent \u00e0 toute notre famille de nageurs &#8211; parents, b\u00e9b\u00e9s, enfants et adultes.<\/p>\n<p>\t\t\t\t\t\t\t\t\t\t\t\t\t<a href=\"https:\/\/swim-montreal.com\/fr\/programme\/#tot\"><br \/>\n\t\t\t\t\t\t\t<img decoding=\"async\" width=\"800\" height=\"800\" src=\"https:\/\/swim-montreal.com\/fr\/wp-content\/uploads\/sites\/2\/2025\/11\/5-1024x1024.png\" alt=\"\" loading=\"lazy\" srcset=\"https:\/\/swim-montreal.com\/fr\/wp-content\/uploads\/sites\/2\/2025\/11\/5-1024x1024.png 1024w, https:\/\/swim-montreal.com\/fr\/wp-content\/uploads\/sites\/2\/2025\/11\/5-300x300.png 300w, https:\/\/swim-montreal.com\/fr\/wp-content\/uploads\/sites\/2\/2025\/11\/5-150x150.png 150w, https:\/\/swim-montreal.com\/fr\/wp-content\/uploads\/sites\/2\/2025\/11\/5-768x768.png 768w, https:\/\/swim-montreal.com\/fr\/wp-content\/uploads\/sites\/2\/2025\/11\/5-1536x1536.png 1536w, https:\/\/swim-montreal.com\/fr\/wp-content\/uploads\/sites\/2\/2025\/11\/elementor\/thumbs\/5-reuvpa2tub48j18zbd6raoubwefhvquh0qx934ldoo.png 500w, https:\/\/swim-montreal.com\/fr\/wp-content\/uploads\/sites\/2\/2025\/11\/5.png 1563w\" sizes=\"(max-width: 800px) 100vw, 800px\" \/>\t\t\t\t\t\t\t\t<\/a><\/p>\n<h3><b>CONFIANCE<\/b><\/h3>\n<p><b> \u00c2ge :<\/b> 3 \u00e0 30 mois<\/p>\n<p>\t\t\t\t\t\t\t\t\t\t\t\t\t<a href=\"https:\/\/swim-montreal.com\/fr\/programme\/#private\"><br \/>\n\t\t\t\t\t\t\t<img decoding=\"async\" width=\"800\" height=\"800\" src=\"https:\/\/swim-montreal.com\/fr\/wp-content\/uploads\/sites\/2\/2025\/11\/1-1024x1024.png\" alt=\"\" loading=\"lazy\" srcset=\"https:\/\/swim-montreal.com\/fr\/wp-content\/uploads\/sites\/2\/2025\/11\/1-1024x1024.png 1024w, https:\/\/swim-montreal.com\/fr\/wp-content\/uploads\/sites\/2\/2025\/11\/1-300x300.png 300w, https:\/\/swim-montreal.com\/fr\/wp-content\/uploads\/sites\/2\/2025\/11\/1-150x150.png 150w, https:\/\/swim-montreal.com\/fr\/wp-content\/uploads\/sites\/2\/2025\/11\/1-768x768.png 768w, https:\/\/swim-montreal.com\/fr\/wp-content\/uploads\/sites\/2\/2025\/11\/1-1536x1536.png 1536w, https:\/\/swim-montreal.com\/fr\/wp-content\/uploads\/sites\/2\/2025\/11\/elementor\/thumbs\/1-reuvp2k4bmtxy5jwj9xqqqqn5bgk660mbppd8wwj2g.png 500w, https:\/\/swim-montreal.com\/fr\/wp-content\/uploads\/sites\/2\/2025\/11\/1.png 1563w\" sizes=\"(max-width: 800px) 100vw, 800px\" \/>\t\t\t\t\t\t\t\t<\/a><\/p>\n<h3><b>IND\u00c9PENDANCE<\/b><\/h3>\n<p><b>\u00c2ges :<\/b> 2 ans et plus<\/p>\n<p>\t\t\t\t\t\t\t\t\t\t\t\t\t<a href=\"https:\/\/swim-montreal.com\/fr\/programme\/#team\"><br \/>\n\t\t\t\t\t\t\t<img decoding=\"async\" width=\"800\" height=\"800\" src=\"https:\/\/swim-montreal.com\/fr\/wp-content\/uploads\/sites\/2\/2025\/11\/2-1024x1024.png\" alt=\"\" loading=\"lazy\" srcset=\"https:\/\/swim-montreal.com\/fr\/wp-content\/uploads\/sites\/2\/2025\/11\/2-1024x1024.png 1024w, https:\/\/swim-montreal.com\/fr\/wp-content\/uploads\/sites\/2\/2025\/11\/2-300x300.png 300w, https:\/\/swim-montreal.com\/fr\/wp-content\/uploads\/sites\/2\/2025\/11\/2-150x150.png 150w, https:\/\/swim-montreal.com\/fr\/wp-content\/uploads\/sites\/2\/2025\/11\/2-768x768.png 768w, https:\/\/swim-montreal.com\/fr\/wp-content\/uploads\/sites\/2\/2025\/11\/2-1536x1536.png 1536w, https:\/\/swim-montreal.com\/fr\/wp-content\/uploads\/sites\/2\/2025\/11\/elementor\/thumbs\/2-reuvp4fspawildh68aqzvq9kc37alk82zz0c7gtqq0.png 500w, https:\/\/swim-montreal.com\/fr\/wp-content\/uploads\/sites\/2\/2025\/11\/2.png 1563w\" sizes=\"(max-width: 800px) 100vw, 800px\" \/>\t\t\t\t\t\t\t\t<\/a><\/p>\n<h3><b>NAGEURS FORTS<\/b><\/h3>\n<p><b> \u00c2ges :<\/b> 6 ans et plus<\/p>\n<p>\t\t\t\t\t\t\t\t\t\t\t\t\t<a href=\"https:\/\/swim-montreal.com\/fr\/programme\/#life\"><br \/>\n\t\t\t\t\t\t\t<img decoding=\"async\" width=\"800\" height=\"800\" src=\"https:\/\/swim-montreal.com\/fr\/wp-content\/uploads\/sites\/2\/2025\/11\/11-1024x1024.png\" alt=\"\" loading=\"lazy\" srcset=\"https:\/\/swim-montreal.com\/fr\/wp-content\/uploads\/sites\/2\/2025\/11\/11-1024x1024.png 1024w, https:\/\/swim-montreal.com\/fr\/wp-content\/uploads\/sites\/2\/2025\/11\/11-300x300.png 300w, https:\/\/swim-montreal.com\/fr\/wp-content\/uploads\/sites\/2\/2025\/11\/11-150x150.png 150w, https:\/\/swim-montreal.com\/fr\/wp-content\/uploads\/sites\/2\/2025\/11\/11-768x768.png 768w, https:\/\/swim-montreal.com\/fr\/wp-content\/uploads\/sites\/2\/2025\/11\/11-1536x1536.png 1536w, https:\/\/swim-montreal.com\/fr\/wp-content\/uploads\/sites\/2\/2025\/11\/elementor\/thumbs\/11-reuvpes0shao5325jx7w55nmvbsby8d4pe6ohieetk.png 500w, https:\/\/swim-montreal.com\/fr\/wp-content\/uploads\/sites\/2\/2025\/11\/elementor\/thumbs\/11-reuvperyh5lg2vk25zko4luqwds8hw99izgusuhorg.png 310w, https:\/\/swim-montreal.com\/fr\/wp-content\/uploads\/sites\/2\/2025\/11\/11.png 1563w\" sizes=\"(max-width: 800px) 100vw, 800px\" \/>\t\t\t\t\t\t\t\t<\/a><\/p>\n<h3><b>NAGER POUR LA VIE<\/b><\/h3>\n<p><b> \u00c2ges :<\/b> 12 ans et plus<\/p>\n<h2>Vous organisez un \u00e9v\u00e9nement priv\u00e9 et avez besoin d\u2019un sauveteur?<\/h2>\n<h3>Vous organisez une f\u00eate \u00e0 la piscine, un \u00e9v\u00e9nement d\u2019entreprise ou une r\u00e9ception sp\u00e9ciale?<br data-start=\"94\" data-end=\"97\"><br \/>\nAssurez la s\u00e9curit\u00e9 de tous avec un sauveteur priv\u00e9 certifi\u00e9. Notre \u00e9quipe exp\u00e9riment\u00e9e est disponible \u00e0 travers la r\u00e9gion de Montr\u00e9al pour vous aider \u00e0 offrir un environnement amusant et s\u00e9curitaire \u00e0 vos invit\u00e9s.<\/h3>\n<p>\t\t\t<a href=\"https:\/\/swim-montreal.com\/fr\/lifeguard\/\" role=\"button\"><br \/>\n\t\t\t\t\t\tEn savoir plus<br \/>\n\t\t\t\t\t<\/a><\/p>\n<h2>LA MEILLEURE FA\u00c7ON D&#8217;APPRENDRE<\/h2>\n<p data-textformat=\"{\" data-margin-bottom=\"0.0pt\" data-doc-id=\"7206989000000033001\" data-doc-type=\"writer\">Tous nos programmes de natation incarnent la fa\u00e7on du MIS.<\/p>\n<p data-textformat=\"{\" data-margin-bottom=\"0.0pt\" data-doc-id=\"7206989000000033001\" data-doc-type=\"writer\">Nous ne croyons pas aux niveaux &#8211; nous nous concentrons sur les comp\u00e9tences. MIS introduit toutes les comp\u00e9tences de la nage \u00e0 un jeune \u00e2ge et les nageurs sont encourag\u00e9s \u00e0 d\u00e9velopper chacune d&#8217;elles sans restriction.<\/p>\n<p data-textformat=\"{\" data-margin-bottom=\"0.0pt\" data-doc-id=\"7206989000000033001\" data-doc-type=\"writer\">Nous \u00e9valuons chaque comp\u00e9tence de mani\u00e8re ind\u00e9pendante. L&#8217;accent est mis sur le renforcement des forces de chaque nageur et le d\u00e9veloppement de comp\u00e9tences pour surmonter ses faiblesses.<\/p>\n<h4>Les avantages sont ind\u00e9niables<\/h4>\n<ul>\n<li>\n\t\t\t\t\t\t\t\t\t\tLes nageurs sont initi\u00e9s \u00e0 des comp\u00e9tences plus avanc\u00e9es \u00e0 un plus jeune \u00e2ge\n\t\t\t\t\t\t\t\t\t<\/li>\n<li>\n\t\t\t\t\t\t\t\t\t\tLes nageurs progressent plus rapidement dans le programme\n\t\t\t\t\t\t\t\t\t<\/li>\n<li>\n\t\t\t\t\t\t\t\t\t\tLes nageurs ne sont pas retenus par leurs faiblesses\n\t\t\t\t\t\t\t\t\t<\/li>\n<li>\n\t\t\t\t\t\t\t\t\t\tDes \u00e9valuations pr\u00e9cises qui fixent des objectifs clairs\n\t\t\t\t\t\t\t\t\t<\/li>\n<\/ul>\n<p>\t\t\t<a href=\"https:\/\/swim-montreal.com\/fr\/a-propos\/\" role=\"button\"><br \/>\n\t\t\t\t\t\tApprendre plus<br \/>\n\t\t\t\t\t<\/a><br \/>\n\t\t\t<a href=\"https:\/\/client.swim-montreal.com\/Swim-Lesson-Type_fr.aspx\" target=\"_blank\" role=\"button\" rel=\"noopener\"><br \/>\n\t\t\t\t\t\tRejoignez nos nageurs<br \/>\n\t\t\t\t\t<\/a><\/p>\n<h3>Nous offrons des exp\u00e9riences de natation flexibles et efficaces aux familles de Montr\u00e9al et les alentours.<\/h3>\n<p>\t\t\t\t\t\t\t\t\t\t\t\t<img decoding=\"async\" width=\"680\" height=\"680\" src=\"https:\/\/swim-montreal.com\/fr\/wp-content\/uploads\/sites\/2\/2020\/05\/MIS-map.png\" alt=\"\" loading=\"lazy\" srcset=\"https:\/\/swim-montreal.com\/fr\/wp-content\/uploads\/sites\/2\/2020\/05\/MIS-map.png 680w, https:\/\/swim-montreal.com\/fr\/wp-content\/uploads\/sites\/2\/2020\/05\/MIS-map-300x300.png 300w, https:\/\/swim-montreal.com\/fr\/wp-content\/uploads\/sites\/2\/2020\/05\/MIS-map-150x150.png 150w\" sizes=\"(max-width: 680px) 100vw, 680px\" \/>\t\t\t\t\t\t\t\t\t\t\t\t\t\t<\/p>\n<h2>LA VIE EST BELLE \u00c0 LA PISCINE<\/h2>\n<p>Nous sommes d\u00e9j\u00e0 dans votre communaut\u00e9! Des centaines d&#8217;instructeurs qualifi\u00e9s sont pr\u00eats \u00e0 vous entra\u00eener dans plus de 25 piscines \u00e0 travers Montr\u00e9al.<\/p>\n<p>\t\t\t<a href=\"https:\/\/client.swim-montreal.com\/Swim-Lesson-Type_fr.aspx\" target=\"_blank\" role=\"button\" rel=\"noopener\"><br \/>\n\t\t\t\t\t\tS&#8217;inscrire<br \/>\n\t\t\t\t\t<\/a><\/p>\n<h2>NOS ADMIRATEURS ONT PARL\u00c9<br \/>\n<\/h2>\n<p>\t\t\t\t\t\t\u00ab Je n\u2019ai jamais appris \u00e0 nager quand j\u2019\u00e9tais un enfant et bien que j\u2019ai essay\u00e9 en tant qu\u2019adulte des cours de groupe dans diff\u00e9rentes piscines, aucun instructeur n\u2019a pu me faire sentir suffisamment en s\u00e9curit\u00e9 dans l\u2019eau. C\u2019\u00e9tait la diff\u00e9rence dans mon exp\u00e9rience avec Adam du MIS. Il a fait de petites \u00e9tapes avec moi en s\u2019assurant que je me sens toujours confortable dans l\u2019eau. \u00bb<br \/>\n\t\t\t\t\t\t\t\t<cite>LucyCours pour adulte<\/cite><br \/>\n\t\t\t\t\t\t\u00ab Mon enfant nage avec le MIS depuis 2 ans et les progr\u00e8s que j\u2019ai constat\u00e9 lors d\u2019une session \u00e9taient comparables \u00e0 2 ans de cours de groupe avec une autre compagnie. Il ne fait aucun doute que le d\u00e9vouement et le professionnalisme des instructeurs sont selon les besoins de l\u2019enfant. \u00bb<br \/>\n\t\t\t\t\t\t\t\t<cite>BarbaraM\u00e8re de deux nageurs MIS<\/cite><br \/>\n\t\t\t\t\t\t\t\t\t\t\t\t\t\tPrevious<br \/>\n\t\t\t\t\t\t\t\t\t\t\t\t\t\tNext<\/p>\n<h2>Devenez un de nos partenaires INCROYABLES!<br \/><i>Envoyez un courriel \u00e0 info@swim-montreal.com<\/i><\/h2>\n<figure><img decoding=\"async\" src=\"https:\/\/swim-montreal.com\/fr\/wp-content\/uploads\/sites\/2\/2020\/05\/MIS-Partner-Marriott-Courtyard_Best-Western.png\" alt=\"MIS-Partner-Marriott-Courtyard_Best-Western\" \/><\/figure>\n<figure><img decoding=\"async\" src=\"https:\/\/swim-montreal.com\/fr\/wp-content\/uploads\/sites\/2\/2020\/05\/MIS-Partner_CSL.png\" alt=\"MIS-Partner_CSL\" \/><\/figure>\n<figure><img decoding=\"async\" src=\"https:\/\/swim-montreal.com\/fr\/wp-content\/uploads\/sites\/2\/2020\/05\/MIS-Partner-Marriott-Courtyard_InterContinental.png\" alt=\"MIS-Partner-Marriott-Courtyard_InterContinental\" \/><\/figure>\n<figure><img decoding=\"async\" src=\"https:\/\/swim-montreal.com\/fr\/wp-content\/uploads\/sites\/2\/2020\/05\/MIS-Partner_DaVinci.png\" alt=\"MIS-Partner_DaVinci\" \/><\/figure>\n<figure><img decoding=\"async\" src=\"https:\/\/swim-montreal.com\/fr\/wp-content\/uploads\/sites\/2\/2020\/05\/MIS-Partner-Marriott-Courtyard_Marriott.png\" alt=\"MIS-Partner-Marriott-Courtyard_Marriott\" \/><\/figure>\n<figure><img decoding=\"async\" src=\"https:\/\/swim-montreal.com\/fr\/wp-content\/uploads\/sites\/2\/2020\/05\/MIS-Partner-Marriott-Courtyard_Holiday-Inn-Express.png\" alt=\"MIS-Partner-Marriott-Courtyard_Holiday-Inn-Express\" \/><\/figure>\n<figure><img decoding=\"async\" src=\"https:\/\/swim-montreal.com\/fr\/wp-content\/uploads\/sites\/2\/2020\/05\/MIS-Partner-Marriott-Courtyard_Crowne-Plaza.png\" alt=\"MIS-Partner-Marriott-Courtyard_Crowne-Plaza\" \/><\/figure>\n<figure><img decoding=\"async\" src=\"https:\/\/swim-montreal.com\/fr\/wp-content\/uploads\/sites\/2\/2020\/05\/MIS-Partner-Marriott-Courtyard_Hampton-Inn.png\" alt=\"MIS-Partner-Marriott-Courtyard_Hampton-Inn\" \/><\/figure>\n<figure><img decoding=\"async\" src=\"https:\/\/swim-montreal.com\/fr\/wp-content\/uploads\/sites\/2\/2020\/05\/MIS-Partner-Marriott-Courtyard_Holiday-Inn.png\" alt=\"MIS-Partner-Marriott-Courtyard_Holiday-Inn\" \/><\/figure>\n<figure><img decoding=\"async\" src=\"https:\/\/swim-montreal.com\/fr\/wp-content\/uploads\/sites\/2\/2020\/05\/unnamed-150x150.jpg\" alt=\"unnamed\" \/><\/figure>\n<figure><img decoding=\"async\" src=\"https:\/\/swim-montreal.com\/fr\/wp-content\/uploads\/sites\/2\/2020\/06\/1-150x150.png\" alt=\"1\" \/><\/figure>\n<figure><img decoding=\"async\" src=\"https:\/\/swim-montreal.com\/fr\/wp-content\/uploads\/sites\/2\/2020\/06\/2-150x150.png\" alt=\"2\" \/><\/figure>\n<figure><img decoding=\"async\" src=\"https:\/\/swim-montreal.com\/fr\/wp-content\/uploads\/sites\/2\/2020\/06\/3-150x150.png\" alt=\"3\" \/><\/figure>\n<figure><img decoding=\"async\" src=\"https:\/\/swim-montreal.com\/fr\/wp-content\/uploads\/sites\/2\/2020\/06\/1-1.png\" alt=\"1\" \/><\/figure>\n<figure><img decoding=\"async\" src=\"https:\/\/swim-montreal.com\/fr\/wp-content\/uploads\/sites\/2\/2020\/06\/2-1.png\" alt=\"2\" \/><\/figure>\n<figure><img decoding=\"async\" src=\"https:\/\/swim-montreal.com\/fr\/wp-content\/uploads\/sites\/2\/2020\/06\/3-1.png\" alt=\"3\" \/><\/figure>\n<figure><img decoding=\"async\" src=\"https:\/\/swim-montreal.com\/fr\/wp-content\/uploads\/sites\/2\/2020\/06\/4.png\" alt=\"4\" \/><\/figure>\n<figure><img decoding=\"async\" src=\"https:\/\/swim-montreal.com\/fr\/wp-content\/uploads\/sites\/2\/2020\/05\/dessin38-150x150.png\" alt=\"dessin[38]\" \/><\/figure>\n<figure><img decoding=\"async\" src=\"https:\/\/swim-montreal.com\/fr\/wp-content\/uploads\/sites\/2\/2020\/05\/Unknown-1-150x113.png\" alt=\"Unknown-1\" \/><\/figure>\n<figure><img decoding=\"async\" src=\"https:\/\/swim-montreal.com\/fr\/wp-content\/uploads\/sites\/2\/2020\/05\/Unknown-150x150.jpeg\" alt=\"Unknown\" \/><\/figure>\n<p>\t\t\t\t\t\t\t\t\t\t\t\tPrevious<br \/>\n\t\t\t\t\t\t\t\t\t\t\t\tNext<\/p>\n","protected":false},"excerpt":{"rendered":"<p>Printemps 2026Les inscriptions pour la session du printemps 2026 sont ouvertes !Inscrivez-vous maintenantNous embauchons!Devenez moniteur de natation avec la meilleure \u00e9cole de natation de Montr\u00e9al. Flexible, bien r\u00e9mun\u00e9r\u00e9, gratifiant.En savoir plus Previous Next Le voyage du MISway L&#8217;approche de la signature #Lafa\u00e7onduMIS #MISway m\u00e8ne \u00e0 l&#8217;enseignement et au d\u00e9veloppement de la confiance, de l&#8217;ind\u00e9pendance et [&hellip;]<\/p>\n","protected":false},"author":1,"featured_media":0,"parent":0,"menu_order":0,"comment_status":"closed","ping_status":"closed","template":"","meta":{"content-type":""},"_links":{"self":[{"href":"https:\/\/swim-montreal.com\/fr\/wp-json\/wp\/v2\/pages\/3309"}],"collection":[{"href":"https:\/\/swim-montreal.com\/fr\/wp-json\/wp\/v2\/pages"}],"about":[{"href":"https:\/\/swim-montreal.com\/fr\/wp-json\/wp\/v2\/types\/page"}],"author":[{"embeddable":true,"href":"https:\/\/swim-montreal.com\/fr\/wp-json\/wp\/v2\/users\/1"}],"replies":[{"embeddable":true,"href":"https:\/\/swim-montreal.com\/fr\/wp-json\/wp\/v2\/comments?post=3309"}],"version-history":[{"count":354,"href":"https:\/\/swim-montreal.com\/fr\/wp-json\/wp\/v2\/pages\/3309\/revisions"}],"predecessor-version":[{"id":6305,"href":"https:\/\/swim-montreal.com\/fr\/wp-json\/wp\/v2\/pages\/3309\/revisions\/6305"}],"wp:attachment":[{"href":"https:\/\/swim-montreal.com\/fr\/wp-json\/wp\/v2\/media?parent=3309"}],"curies":[{"name":"wp","href":"https:\/\/api.w.org\/{rel}","templated":true}]}}